{"id":45673,"date":"2024-09-12T16:03:41","date_gmt":"2024-09-12T16:03:41","guid":{"rendered":"https:\/\/hedclinic.com\/?page_id=45673"},"modified":"2025-10-07T10:10:40","modified_gmt":"2025-10-07T10:10:40","slug":"contactos","status":"publish","type":"page","link":"https:\/\/hedclinic.com\/es\/contactos\/","title":{"rendered":"Contactos"},"content":{"rendered":"\t\t<div data-elementor-type=\"wp-page\" data-elementor-id=\"45673\" class=\"elementor elementor-45673 elementor-38573\" data-elementor-post-type=\"page\">\n\t\t\t\t<div class=\"elementor-element elementor-element-c8cfedf e-con-full e-flex cmsmasters-bg-hide-none cmsmasters-bg-hide-none cmsmasters-block-default e-con e-parent\" data-id=\"c8cfedf\" data-element_type=\"container\" data-e-type=\"container\" data-settings=\"{&quot;background_background&quot;:&quot;classic&quot;}\">\n\t\t<div class=\"elementor-element elementor-element-8ea4348 e-con-full e-flex cmsmasters-bg-hide-none cmsmasters-bg-hide-none cmsmasters-block-default e-con e-child\" data-id=\"8ea4348\" data-element_type=\"container\" data-e-type=\"container\" data-settings=\"{&quot;background_background&quot;:&quot;classic&quot;}\">\n\t\t\t\t<div class=\"elementor-element elementor-element-ea63868 cmsmasters-block-default cmsmasters-sticky-default elementor-widget elementor-widget-spacer\" data-id=\"ea63868\" data-element_type=\"widget\" data-e-type=\"widget\" data-widget_type=\"spacer.default\">\n\t\t\t\t\t\t\t<div class=\"elementor-spacer\">\n\t\t\t<div class=\"elementor-spacer-inner\"><\/div>\n\t\t<\/div>\n\t\t\t\t\t\t<\/div>\n\t\t\t\t<\/div>\n\t\t<div class=\"elementor-element elementor-element-c5011b4 e-con-full e-flex cmsmasters-bg-hide-none cmsmasters-bg-hide-none cmsmasters-block-default e-con e-child\" data-id=\"c5011b4\" data-element_type=\"container\" data-e-type=\"container\" data-settings=\"{&quot;background_background&quot;:&quot;classic&quot;}\">\n\t\t\t\t<div class=\"elementor-element elementor-element-85da8b4 cmsmasters-block-default cmsmasters-sticky-default elementor-widget elementor-widget-button\" data-id=\"85da8b4\" data-element_type=\"widget\" data-e-type=\"widget\" data-widget_type=\"button.default\">\n\t\t\t\t\t\t\t\t\t\t<a class=\"elementor-button elementor-size-sm\" role=\"button\">\n\t\t\t\t\t\t<span class=\"elementor-button-content-wrapper\">\n\t\t\t\t\t\t\t\t\t<span class=\"elementor-button-text\">Cont\u00e1ctanos<\/span>\n\t\t\t\t\t<\/span>\n\t\t\t\t\t<\/a>\n\t\t\t\t\t\t\t\t<\/div>\n\t\t\t\t<div class=\"elementor-element elementor-element-44fa369 cmsmasters-block-default cmsmasters-sticky-default elementor-widget elementor-widget-heading\" data-id=\"44fa369\" data-element_type=\"widget\" data-e-type=\"widget\" data-widget_type=\"heading.default\">\n\t\t\t\t\t<h1 class=\"elementor-heading-title elementor-size-default\">Ponte en contacto con HED Clinic<\/h1>\t\t\t\t<\/div>\n\t\t\t\t<div class=\"elementor-element elementor-element-1fbe846 cmsmasters-block-default cmsmasters-sticky-default elementor-widget elementor-widget-text-editor\" data-id=\"1fbe846\" data-element_type=\"widget\" data-e-type=\"widget\" data-widget_type=\"text-editor.default\">\n\t\t\t\t\t\t\t\t\t<p><em>En HED Clinic, tu camino hacia la salud comienza con una simple conversaci\u00f3n.<\/em><\/p><p>Ya sea que tengas preguntas sobre nuestros tratamientos, quieras programar una consulta o necesites orientaci\u00f3n para tus arreglos de viaje, nuestro equipo internacional de atenci\u00f3n al paciente est\u00e1 aqu\u00ed para ayudarte.<\/p><p>Ofrecemos asistencia multiling\u00fce y un apoyo personalizado en cada etapa: antes, durante y despu\u00e9s de tu visita.<br \/>Comun\u00edcate con nosotros por tel\u00e9fono, WhatsApp o correo electr\u00f3nico, y d\u00e9janos guiarte a trav\u00e9s de una experiencia m\u00e9dica sin complicaciones en Estambul.<\/p>\t\t\t\t\t\t\t\t<\/div>\n\t\t\t\t<div class=\"elementor-element elementor-element-b128409 cmsmasters-block-default cmsmasters-sticky-default elementor-widget elementor-widget-heading\" data-id=\"b128409\" data-element_type=\"widget\" data-e-type=\"widget\" data-widget_type=\"heading.default\">\n\t\t\t\t\t<h6 class=\"elementor-heading-title elementor-size-default\">Tu destino para la salud, la belleza y el bienestar.\n<\/h6>\t\t\t\t<\/div>\n\t\t<div class=\"elementor-element elementor-element-85076ff e-con-full e-flex cmsmasters-block-default e-con e-child\" data-id=\"85076ff\" data-element_type=\"container\" data-e-type=\"container\">\n\t\t\t\t<div class=\"elementor-element elementor-element-eaadd3f cmsmasters-block-default cmsmasters-sticky-default elementor-widget elementor-widget-cmsmasters-button\" data-id=\"eaadd3f\" data-element_type=\"widget\" data-e-type=\"widget\" data-widget_type=\"cmsmasters-button.default\">\n\t\t\t\t\t<div class=\"elementor-widget-cmsmasters-button__button-container\"><div class=\"elementor-widget-cmsmasters-button__button-container-inner\"><a href=\"https:\/\/hedclinic.com\/es\/cita\/\" class=\"cmsmasters-button-link elementor-widget-cmsmasters-button__button cmsmasters-icon-view- cmsmasters-icon-shape- cmsmasters-button-size-sm\" role=\"button\" tabindex=\"0\"><span class=\"elementor-widget-cmsmasters-button__content-wrapper cmsmasters-align-icon-\"><span class=\"elementor-widget-cmsmasters-button__text\">RESERVA TU CONSULTA GRATUITA<\/span><\/span><\/a><\/div><\/div>\t\t\t\t<\/div>\n\t\t\t\t<\/div>\n\t\t\t\t<\/div>\n\t\t\t\t<\/div>\n\t\t<div class=\"elementor-element elementor-element-739d881 e-flex e-con-boxed cmsmasters-block-default e-con e-parent\" data-id=\"739d881\" data-element_type=\"container\" data-e-type=\"container\">\n\t\t\t\t\t<div class=\"e-con-inner\">\n\t\t<div class=\"elementor-element elementor-element-3fceefb e-con-full e-flex cmsmasters-block-default e-con e-child\" data-id=\"3fceefb\" data-element_type=\"container\" data-e-type=\"container\">\n\t\t\t\t<div class=\"elementor-element elementor-element-2a0e5ac elementor-widget__width-initial cmsmasters-block-default cmsmasters-sticky-default elementor-widget elementor-widget-heading\" data-id=\"2a0e5ac\" data-element_type=\"widget\" data-e-type=\"widget\" data-widget_type=\"heading.default\">\n\t\t\t\t\t<h4 class=\"elementor-heading-title elementor-size-default\">Informaci\u00f3n de contacto\n<\/h4>\t\t\t\t<\/div>\n\t\t\t\t<div class=\"elementor-element elementor-element-c6dddfa cmsmasters-block-default cmsmasters-sticky-default elementor-widget elementor-widget-text-editor\" data-id=\"c6dddfa\" data-element_type=\"widget\" data-e-type=\"widget\" data-widget_type=\"text-editor.default\">\n\t\t\t\t\t\t\t\t\t<p><em>Hagamos que tu viaje hacia la salud sea m\u00e1s f\u00e1cil<\/em><\/p><p>Ya sea que est\u00e9s planificando tu viaje m\u00e9dico, necesites m\u00e1s informaci\u00f3n sobre nuestros tratamientos o simplemente quieras saber c\u00f3mo funciona el proceso, nuestro equipo est\u00e1 aqu\u00ed para ayudarte en cada paso del camino.<\/p><p>No dudes en ponerte en contacto con nosotros en cualquier momento.<br \/>Ofrecemos asistencia personalizada en varios idiomas para que tu experiencia sea fluida y sin estr\u00e9s desde el primer contacto.<\/p>\t\t\t\t\t\t\t\t<\/div>\n\t\t<div class=\"elementor-element elementor-element-684a7f0 e-flex e-con-boxed cmsmasters-block-default e-con e-child\" data-id=\"684a7f0\" data-element_type=\"container\" data-e-type=\"container\">\n\t\t\t\t\t<div class=\"e-con-inner\">\n\t\t<div class=\"elementor-element elementor-element-7e1aaba e-con-full e-flex cmsmasters-block-default e-con e-child\" data-id=\"7e1aaba\" data-element_type=\"container\" data-e-type=\"container\">\n\t\t\t\t<div class=\"elementor-element elementor-element-a9ba3d7 cmsmasters-block-default cmsmasters-sticky-default elementor-widget elementor-widget-heading\" data-id=\"a9ba3d7\" data-element_type=\"widget\" data-e-type=\"widget\" data-widget_type=\"heading.default\">\n\t\t\t\t\t<h6 class=\"elementor-heading-title elementor-size-default\">Direcci\u00f3n<\/h6>\t\t\t\t<\/div>\n\t\t\t\t<div class=\"elementor-element elementor-element-56298d0 cmsmasters-block-default cmsmasters-sticky-default elementor-widget elementor-widget-text-editor\" data-id=\"56298d0\" data-element_type=\"widget\" data-e-type=\"widget\" data-widget_type=\"text-editor.default\">\n\t\t\t\t\t\t\t\t\t<p>\u015eahin Plaza, 75. Y\u0131l, Cumhuriyet Cd. No: 69, Piso 3<br \/>34260 Sultangazi \/ Istanbul, Turkey<\/p>\t\t\t\t\t\t\t\t<\/div>\n\t\t\t\t<\/div>\n\t\t<div class=\"elementor-element elementor-element-894904e e-con-full e-flex cmsmasters-block-default e-con e-child\" data-id=\"894904e\" data-element_type=\"container\" data-e-type=\"container\">\n\t\t\t\t<div class=\"elementor-element elementor-element-8a50e2a cmsmasters-block-default cmsmasters-sticky-default elementor-widget elementor-widget-heading\" data-id=\"8a50e2a\" data-element_type=\"widget\" data-e-type=\"widget\" data-widget_type=\"heading.default\">\n\t\t\t\t\t<h6 class=\"elementor-heading-title elementor-size-default\">Correo electr\u00f3nico<\/h6>\t\t\t\t<\/div>\n\t\t\t\t<div class=\"elementor-element elementor-element-26d00e4 cmsmasters-block-default cmsmasters-sticky-default elementor-widget elementor-widget-text-editor\" data-id=\"26d00e4\" data-element_type=\"widget\" data-e-type=\"widget\" data-widget_type=\"text-editor.default\">\n\t\t\t\t\t\t\t\t\t<p><a href=\"mailto:info@hedclinic.com\">info@hedclinic.com<\/a><\/p>\t\t\t\t\t\t\t\t<\/div>\n\t\t\t\t<\/div>\n\t\t\t\t\t<\/div>\n\t\t\t\t<\/div>\n\t\t\t\t<\/div>\n\t\t<div class=\"elementor-element elementor-element-a506bc1 e-con-full e-flex cmsmasters-block-default e-con e-child\" data-id=\"a506bc1\" data-element_type=\"container\" data-e-type=\"container\" data-settings=\"{&quot;background_background&quot;:&quot;classic&quot;}\">\n\t\t\t\t<div class=\"elementor-element elementor-element-b67c682 cmsmasters-block-default cmsmasters-sticky-default elementor-widget elementor-widget-spacer\" data-id=\"b67c682\" data-element_type=\"widget\" data-e-type=\"widget\" data-widget_type=\"spacer.default\">\n\t\t\t\t\t\t\t<div class=\"elementor-spacer\">\n\t\t\t<div class=\"elementor-spacer-inner\"><\/div>\n\t\t<\/div>\n\t\t\t\t\t\t<\/div>\n\t\t\t\t<div class=\"elementor-element elementor-element-ab004aa cmsmasters-block-default cmsmasters-sticky-default elementor-widget elementor-widget-google_maps\" data-id=\"ab004aa\" data-element_type=\"widget\" data-e-type=\"widget\" data-widget_type=\"google_maps.default\">\n\t\t\t\t\t\t\t<div class=\"elementor-custom-embed\">\n\t\t\t<iframe loading=\"lazy\"\n\t\t\t\t\tsrc=\"https:\/\/maps.google.com\/maps?q=HED%20Clinic&#038;t=m&#038;z=10&#038;output=embed&#038;iwloc=near\"\n\t\t\t\t\ttitle=\"HED Clinic\"\n\t\t\t\t\taria-label=\"HED Clinic\"\n\t\t\t><\/iframe>\n\t\t<\/div>\n\t\t\t\t\t\t<\/div>\n\t\t\t\t<\/div>\n\t\t\t\t\t<\/div>\n\t\t\t\t<\/div>\n\t\t<div class=\"elementor-element elementor-element-ba09802 e-flex e-con-boxed cmsmasters-bg-hide-none cmsmasters-bg-hide-none cmsmasters-block-default e-con e-parent\" data-id=\"ba09802\" data-element_type=\"container\" data-e-type=\"container\" data-settings=\"{&quot;background_background&quot;:&quot;classic&quot;}\">\n\t\t\t\t\t<div class=\"e-con-inner\">\n\t\t<div class=\"elementor-element elementor-element-e2603e3 e-flex e-con-boxed cmsmasters-block-default e-con e-child\" data-id=\"e2603e3\" data-element_type=\"container\" data-e-type=\"container\">\n\t\t\t\t\t<div class=\"e-con-inner\">\n\t\t<div class=\"elementor-element elementor-element-3675e2d e-con-full e-flex cmsmasters-block-default e-con e-child\" data-id=\"3675e2d\" data-element_type=\"container\" data-e-type=\"container\">\n\t\t\t\t<div class=\"elementor-element elementor-element-7fa1215 elementor-view-framed elementor-position-inline-start elementor-shape-circle elementor-mobile-position-block-start cmsmasters-block-default cmsmasters-sticky-default elementor-widget elementor-widget-icon-box\" data-id=\"7fa1215\" data-element_type=\"widget\" data-e-type=\"widget\" data-widget_type=\"icon-box.default\">\n\t\t\t\t\t\t\t<div class=\"elementor-icon-box-wrapper\">\n\n\t\t\t\t\t\t<div class=\"elementor-icon-box-icon\">\n\t\t\t\t<span  class=\"elementor-icon\">\n\t\t\t\t<svg aria-hidden=\"true\" class=\"e-font-icon-svg e-fas-phone-volume\" viewBox=\"0 0 384 512\" xmlns=\"http:\/\/www.w3.org\/2000\/svg\"><path d=\"M97.333 506.966c-129.874-129.874-129.681-340.252 0-469.933 5.698-5.698 14.527-6.632 21.263-2.422l64.817 40.513a17.187 17.187 0 0 1 6.849 20.958l-32.408 81.021a17.188 17.188 0 0 1-17.669 10.719l-55.81-5.58c-21.051 58.261-20.612 122.471 0 179.515l55.811-5.581a17.188 17.188 0 0 1 17.669 10.719l32.408 81.022a17.188 17.188 0 0 1-6.849 20.958l-64.817 40.513a17.19 17.19 0 0 1-21.264-2.422zM247.126 95.473c11.832 20.047 11.832 45.008 0 65.055-3.95 6.693-13.108 7.959-18.718 2.581l-5.975-5.726c-3.911-3.748-4.793-9.622-2.261-14.41a32.063 32.063 0 0 0 0-29.945c-2.533-4.788-1.65-10.662 2.261-14.41l5.975-5.726c5.61-5.378 14.768-4.112 18.718 2.581zm91.787-91.187c60.14 71.604 60.092 175.882 0 247.428-4.474 5.327-12.53 5.746-17.552.933l-5.798-5.557c-4.56-4.371-4.977-11.529-.93-16.379 49.687-59.538 49.646-145.933 0-205.422-4.047-4.85-3.631-12.008.93-16.379l5.798-5.557c5.022-4.813 13.078-4.394 17.552.933zm-45.972 44.941c36.05 46.322 36.108 111.149 0 157.546-4.39 5.641-12.697 6.251-17.856 1.304l-5.818-5.579c-4.4-4.219-4.998-11.095-1.285-15.931 26.536-34.564 26.534-82.572 0-117.134-3.713-4.836-3.115-11.711 1.285-15.931l5.818-5.579c5.159-4.947 13.466-4.337 17.856 1.304z\"><\/path><\/svg>\t\t\t\t<\/span>\n\t\t\t<\/div>\n\t\t\t\n\t\t\t\t\t\t<div class=\"elementor-icon-box-content\">\n\n\t\t\t\t\t\t\t\t\t<h5 class=\"elementor-icon-box-title\">\n\t\t\t\t\t\t<span  >\n\t\t\t\t\t\t\tSolicita una consulta\t\t\t\t\t\t<\/span>\n\t\t\t\t\t<\/h5>\n\t\t\t\t\n\t\t\t\t\t\t\t\t\t<p class=\"elementor-icon-box-description\">\n\t\t\t\t\t\tSi est\u00e1s satisfecho con la consulta y el presupuesto, \u00a1el siguiente paso es concertar una cita con nosotros!\n\t\t\t\t\t<\/p>\n\t\t\t\t\n\t\t\t<\/div>\n\t\t\t\n\t\t<\/div>\n\t\t\t\t\t\t<\/div>\n\t\t\t\t<div class=\"elementor-element elementor-element-8310fb9 elementor-view-framed elementor-position-inline-start elementor-shape-circle elementor-mobile-position-block-start cmsmasters-block-default cmsmasters-sticky-default elementor-widget elementor-widget-icon-box\" data-id=\"8310fb9\" data-element_type=\"widget\" data-e-type=\"widget\" data-widget_type=\"icon-box.default\">\n\t\t\t\t\t\t\t<div class=\"elementor-icon-box-wrapper\">\n\n\t\t\t\t\t\t<div class=\"elementor-icon-box-icon\">\n\t\t\t\t<span  class=\"elementor-icon\">\n\t\t\t\t<svg aria-hidden=\"true\" class=\"e-font-icon-svg e-far-calendar-alt\" viewBox=\"0 0 448 512\" xmlns=\"http:\/\/www.w3.org\/2000\/svg\"><path d=\"M148 288h-40c-6.6 0-12-5.4-12-12v-40c0-6.6 5.4-12 12-12h40c6.6 0 12 5.4 12 12v40c0 6.6-5.4 12-12 12zm108-12v-40c0-6.6-5.4-12-12-12h-40c-6.6 0-12 5.4-12 12v40c0 6.6 5.4 12 12 12h40c6.6 0 12-5.4 12-12zm96 0v-40c0-6.6-5.4-12-12-12h-40c-6.6 0-12 5.4-12 12v40c0 6.6 5.4 12 12 12h40c6.6 0 12-5.4 12-12zm-96 96v-40c0-6.6-5.4-12-12-12h-40c-6.6 0-12 5.4-12 12v40c0 6.6 5.4 12 12 12h40c6.6 0 12-5.4 12-12zm-96 0v-40c0-6.6-5.4-12-12-12h-40c-6.6 0-12 5.4-12 12v40c0 6.6 5.4 12 12 12h40c6.6 0 12-5.4 12-12zm192 0v-40c0-6.6-5.4-12-12-12h-40c-6.6 0-12 5.4-12 12v40c0 6.6 5.4 12 12 12h40c6.6 0 12-5.4 12-12zm96-260v352c0 26.5-21.5 48-48 48H48c-26.5 0-48-21.5-48-48V112c0-26.5 21.5-48 48-48h48V12c0-6.6 5.4-12 12-12h40c6.6 0 12 5.4 12 12v52h128V12c0-6.6 5.4-12 12-12h40c6.6 0 12 5.4 12 12v52h48c26.5 0 48 21.5 48 48zm-48 346V160H48v298c0 3.3 2.7 6 6 6h340c3.3 0 6-2.7 6-6z\"><\/path><\/svg>\t\t\t\t<\/span>\n\t\t\t<\/div>\n\t\t\t\n\t\t\t\t\t\t<div class=\"elementor-icon-box-content\">\n\n\t\t\t\t\t\t\t\t\t<h5 class=\"elementor-icon-box-title\">\n\t\t\t\t\t\t<span  >\n\t\t\t\t\t\t\tPrograma una cita\t\t\t\t\t\t<\/span>\n\t\t\t\t\t<\/h5>\n\t\t\t\t\n\t\t\t\t\t\t\t\t\t<p class=\"elementor-icon-box-description\">\n\t\t\t\t\t\tLl\u00e1manos o cont\u00e1ctanos por WhatsApp o correo electr\u00f3nico.\nTe ofrecemos una consulta gratuita y sin compromiso.\t\t\t\t\t<\/p>\n\t\t\t\t\n\t\t\t<\/div>\n\t\t\t\n\t\t<\/div>\n\t\t\t\t\t\t<\/div>\n\t\t\t\t<div class=\"elementor-element elementor-element-eeff5e2 elementor-view-framed elementor-position-inline-start elementor-shape-circle elementor-mobile-position-block-start cmsmasters-block-default cmsmasters-sticky-default elementor-widget elementor-widget-icon-box\" data-id=\"eeff5e2\" data-element_type=\"widget\" data-e-type=\"widget\" data-widget_type=\"icon-box.default\">\n\t\t\t\t\t\t\t<div class=\"elementor-icon-box-wrapper\">\n\n\t\t\t\t\t\t<div class=\"elementor-icon-box-icon\">\n\t\t\t\t<span  class=\"elementor-icon\">\n\t\t\t\t<svg aria-hidden=\"true\" class=\"e-font-icon-svg e-fas-plane-departure\" viewBox=\"0 0 640 512\" xmlns=\"http:\/\/www.w3.org\/2000\/svg\"><path d=\"M624 448H16c-8.84 0-16 7.16-16 16v32c0 8.84 7.16 16 16 16h608c8.84 0 16-7.16 16-16v-32c0-8.84-7.16-16-16-16zM80.55 341.27c6.28 6.84 15.1 10.72 24.33 10.71l130.54-.18a65.62 65.62 0 0 0 29.64-7.12l290.96-147.65c26.74-13.57 50.71-32.94 67.02-58.31 18.31-28.48 20.3-49.09 13.07-63.65-7.21-14.57-24.74-25.27-58.25-27.45-29.85-1.94-59.54 5.92-86.28 19.48l-98.51 49.99-218.7-82.06a17.799 17.799 0 0 0-18-1.11L90.62 67.29c-10.67 5.41-13.25 19.65-5.17 28.53l156.22 98.1-103.21 52.38-72.35-36.47a17.804 17.804 0 0 0-16.07.02L9.91 230.22c-10.44 5.3-13.19 19.12-5.57 28.08l76.21 82.97z\"><\/path><\/svg>\t\t\t\t<\/span>\n\t\t\t<\/div>\n\t\t\t\n\t\t\t\t\t\t<div class=\"elementor-icon-box-content\">\n\n\t\t\t\t\t\t\t\t\t<h5 class=\"elementor-icon-box-title\">\n\t\t\t\t\t\t<span  >\n\t\t\t\t\t\t\tReserva tu vuelo\t\t\t\t\t\t<\/span>\n\t\t\t\t\t<\/h5>\n\t\t\t\t\n\t\t\t\t\t\t\t\t\t<p class=\"elementor-icon-box-description\">\n\t\t\t\t\t\tUna vez acordada la fecha, deber\u00e1s reservar el vuelo y enviarnos el billete para poder gestionar tu alojamiento. \t\t\t\t\t<\/p>\n\t\t\t\t\n\t\t\t<\/div>\n\t\t\t\n\t\t<\/div>\n\t\t\t\t\t\t<\/div>\n\t\t\t\t<\/div>\n\t\t\t\t\t<\/div>\n\t\t\t\t<\/div>\n\t\t<div class=\"elementor-element elementor-element-a7f7419 e-flex e-con-boxed cmsmasters-block-default e-con e-child\" data-id=\"a7f7419\" data-element_type=\"container\" data-e-type=\"container\" data-settings=\"{&quot;background_background&quot;:&quot;classic&quot;}\">\n\t\t\t\t\t<div class=\"e-con-inner\">\n\t\t\t\t<div class=\"elementor-element elementor-element-4cf0bc0 cmsmasters-color-variation-default cmsmasters-pointer-none cmsmasters-block-default cmsmasters-sticky-default elementor-widget elementor-widget-cmsmasters-title cmsmasters-widget-title\" data-id=\"4cf0bc0\" data-element_type=\"widget\" data-e-type=\"widget\" data-widget_type=\"cmsmasters-title.default\">\n\t\t\t\t\t<h2 class=\"cmsmasters-widget-title__heading \">Preg\u00fantanos lo que quieras \u2013 Cada pregunta importa\n<\/h2>\t\t\t\t<\/div>\n\t\t\t\t<div class=\"elementor-element elementor-element-34c309b cmsmasters-block-default cmsmasters-sticky-default elementor-widget elementor-widget-text-editor\" data-id=\"34c309b\" data-element_type=\"widget\" data-e-type=\"widget\" data-widget_type=\"text-editor.default\">\n\t\t\t\t\t\t\t\t\t<p>Rellena el formulario a continuaci\u00f3n y uno de nuestros Coordinadores de Pacientes Internacionales se pondr\u00e1 en contacto contigo en breve.<br \/>Estamos a un solo mensaje de convertir tus planes en realidad.<\/p>\t\t\t\t\t\t\t\t<\/div>\n\t\t\t\t<div class=\"elementor-element elementor-element-7108861 cmsmasters-block-default cmsmasters-sticky-default elementor-widget elementor-widget-shortcode\" data-id=\"7108861\" data-element_type=\"widget\" data-e-type=\"widget\" data-widget_type=\"shortcode.default\">\n\t\t\t\t\t\t\t<div class=\"elementor-shortcode\">\n<div class=\"wpcf7 no-js\" id=\"wpcf7-f46582-o1\" lang=\"es-ES\" dir=\"ltr\" data-wpcf7-id=\"46582\">\n<div class=\"screen-reader-response\"><p role=\"status\" aria-live=\"polite\" aria-atomic=\"true\"><\/p> <ul><\/ul><\/div>\n<form action=\"\/es\/wp-json\/wp\/v2\/pages\/45673#wpcf7-f46582-o1\" method=\"post\" class=\"wpcf7-form init\" aria-label=\"Formulario de contacto\" novalidate=\"novalidate\" data-status=\"init\">\n<fieldset class=\"hidden-fields-container\"><input type=\"hidden\" name=\"_wpcf7\" value=\"46582\" \/><input type=\"hidden\" name=\"_wpcf7_version\" value=\"6.1.5\" \/><input type=\"hidden\" name=\"_wpcf7_locale\" value=\"es_ES\" \/><input type=\"hidden\" name=\"_wpcf7_unit_tag\" value=\"wpcf7-f46582-o1\" \/><input type=\"hidden\" name=\"_wpcf7_container_post\" value=\"0\" \/><input type=\"hidden\" name=\"_wpcf7_posted_data_hash\" value=\"\" \/>\n<\/fieldset>\n<div class=\"cf7-two-cols\">\n\t<div class=\"cf7-col\">\n\t\t<p><span class=\"wpcf7-form-control-wrap\" data-name=\"your-first-name\"><input size=\"40\" maxlength=\"400\" class=\"wpcf7-form-control wpcf7-text wpcf7-validates-as-required\" aria-required=\"true\" aria-invalid=\"false\" placeholder=\"Nombre*\" value=\"\" type=\"text\" name=\"your-first-name\" \/><\/span>\n\t\t<\/p>\n\t<\/div>\n\t<div class=\"cf7-col\">\n\t\t<p><span class=\"wpcf7-form-control-wrap\" data-name=\"your-last-name\"><input size=\"40\" maxlength=\"400\" class=\"wpcf7-form-control wpcf7-text wpcf7-validates-as-required\" aria-required=\"true\" aria-invalid=\"false\" placeholder=\"Apellido*\" value=\"\" type=\"text\" name=\"your-last-name\" \/><\/span>\n\t\t<\/p>\n\t<\/div>\n<\/div>\n<div class=\"cf7-one-col\">\n\t<p><span class=\"wpcf7-form-control-wrap\" data-name=\"your-email\"><input size=\"40\" maxlength=\"400\" class=\"wpcf7-form-control wpcf7-email wpcf7-validates-as-required wpcf7-text wpcf7-validates-as-email\" aria-required=\"true\" aria-invalid=\"false\" placeholder=\"Correo electr\u00f3nico*\" value=\"\" type=\"email\" name=\"your-email\" \/><\/span>\n\t<\/p>\n<\/div>\n<div class=\"cf7-one-col\">\n\t<p><span class=\"wpcf7-form-control-wrap\" data-name=\"countrytext-413\"><input size=\"40\" class=\"wpcf7-form-control wpcf7-countrytext wpcf7-validates-as-required wpcf7-text wpcf7-validates-as-countrytext\" aria-required=\"true\" aria-invalid=\"false\" placeholder=\"Pa\u00eds*\" value=\"\" type=\"text\" name=\"countrytext-413\" \/><\/span>\n\t<\/p>\n<\/div>\n<div class=\"cf7-one-col\">\n\t<p><span class=\"wpcf7-form-control-wrap\" data-name=\"phonetext-14\"><input size=\"40\" class=\"wpcf7-form-control wpcf7-phonetext wpcf7-validates-as-required wpcf7-text wpcf7-validates-as-phonetext\" aria-required=\"true\" aria-invalid=\"false\" placeholder=\"Tel\u00e9fono*\" value=\"\" type=\"text\" name=\"phonetext-14\" \/><input type=\"hidden\" name=\"phonetext-14-country-code\" class=\"wpcf7-phonetext-country-code\" \/><\/span>\n\t<\/p>\n<\/div>\n<div class=\"cf7-one-col\">\n\t<p><input class=\"wpcf7-form-control wpcf7-submit has-spinner cf7-submit\" type=\"submit\" value=\"Solicitar un Presupuesto \u2192\" \/>\n\t<\/p>\n<\/div><div class=\"wpcf7-response-output\" aria-hidden=\"true\"><\/div>\n<\/form>\n<\/div>\n<\/div>\n\t\t\t\t\t\t<\/div>\n\t\t\t\t\t<\/div>\n\t\t\t\t<\/div>\n\t\t\t\t\t<\/div>\n\t\t\t\t<\/div>\n\t\t\t\t<\/div>\n\t\t","protected":false},"excerpt":{"rendered":"<p>Cont\u00e1ctanos Ponte en contacto con HED Clinic En HED Clinic, tu camino hacia la salud comienza con una simple conversaci\u00f3n. Ya sea que tengas preguntas sobre nuestros tratamientos, quieras programar una consulta o necesites orientaci\u00f3n para tus arreglos de viaje, nuestro equipo internacional de atenci\u00f3n al paciente est\u00e1 aqu\u00ed para ayudarte. Ofrecemos asistencia multiling\u00fce y&#8230;<\/p>\n","protected":false},"author":1,"featured_media":0,"parent":0,"menu_order":0,"comment_status":"closed","ping_status":"closed","template":"","meta":{"_acf_changed":false,"footnotes":""},"class_list":["post-45673","page","type-page","status-publish","hentry"],"acf":[],"_links":{"self":[{"href":"https:\/\/hedclinic.com\/es\/wp-json\/wp\/v2\/pages\/45673","targetHints":{"allow":["GET"]}}],"collection":[{"href":"https:\/\/hedclinic.com\/es\/wp-json\/wp\/v2\/pages"}],"about":[{"href":"https:\/\/hedclinic.com\/es\/wp-json\/wp\/v2\/types\/page"}],"author":[{"embeddable":true,"href":"https:\/\/hedclinic.com\/es\/wp-json\/wp\/v2\/users\/1"}],"replies":[{"embeddable":true,"href":"https:\/\/hedclinic.com\/es\/wp-json\/wp\/v2\/comments?post=45673"}],"version-history":[{"count":5,"href":"https:\/\/hedclinic.com\/es\/wp-json\/wp\/v2\/pages\/45673\/revisions"}],"predecessor-version":[{"id":46833,"href":"https:\/\/hedclinic.com\/es\/wp-json\/wp\/v2\/pages\/45673\/revisions\/46833"}],"wp:attachment":[{"href":"https:\/\/hedclinic.com\/es\/wp-json\/wp\/v2\/media?parent=45673"}],"curies":[{"name":"wp","href":"https:\/\/api.w.org\/{rel}","templated":true}]}}